{"id":12019,"date":"2018-12-21T08:07:48","date_gmt":"2018-12-21T08:07:48","guid":{"rendered":"https:\/\/elearni.local\/?page_id=12019"},"modified":"2024-11-04T16:44:57","modified_gmt":"2024-11-04T16:44:57","slug":"cursos-formacion","status":"publish","type":"page","link":"https:\/\/monchiinclusiva.org\/en\/cursos-formacion\/","title":{"rendered":"Pronto Cursos Digitales"},"content":{"rendered":"<div class=\"wpb-content-wrapper\"><div  data-delay=\"0\" data-vc-full-width=\"true\" data-vc-full-width-init=\"false\" class=\"vc_row wpb_row vc_row-fluid vc_custom_1723000255614 vc_row-has-fill\"><div class=\"wpb_column vc_column_container vc_col-sm-12\" data-delay=\"0\"><div class=\"vc_column-inner\"><div class=\"wpb_wrapper\"><div id=\"1545738993416-7c871eda-0bd1\" class=\"dt-sc-empty-space\"><\/div><div class=\"dtlms-courses-listing-holder grid  fullwidth-courses\" data-enablecarousel=\"false\" data-postperpage=\"4\" data-columns=\"3\" data-showauthordetails=\"true\" data-applyisotope=\"true\" data-enablecategoryisotopefilter=\"false\" data-disablefilters=\"false\" data-defaultfilter=\"\" data-defaultdisplaytype=\"grid\" data-courseitemids=\"\" data-coursecategoryids=\"\" data-instructorids=\"\" data-enablefullwidth=\"\" data-type=\"type6\" data-showdescription=\"true\" data-hidelabels=\"\" data-hidecategory=\"true\" data-hideaddtocartbutton=\"true\" data-class=\"fullwidth-courses\" ><div class=\"dtlms-column dtlms-one-third first\"><div class=\"dtlms-courses-listing-filters\"><div class=\"dtlms-courses-category-filter\"><div class=\"dtlms-title\">Course Categories<\/div><ul><\/ul><\/div><div class=\"dtlms-courses-instructor-filter\">\r\n                        <div class=\"dtlms-title\">Instructor<\/div>\r\n                        <ul><li><input type=\"checkbox\" name=\"coursefilter-instructor\" class=\"coursefilter-instructor\" value=\"1\" id=\"coursefilter-instructor-1\"  \/><label for=\"coursefilter-instructor-1\">Monchi inclusiva<\/label><\/li><\/ul><\/div><div class=\"dtlms-courses-cost-filter\">\r\n                        <div class=\"dtlms-title\">Cost<\/div>\r\n                        <ul>\r\n                            <li><input type=\"radio\" name=\"coursefilter-cost\" class=\"coursefilter-cost\" value=\"all\" id=\"coursefilter-cost-all\"  checked='checked' \/><label for=\"coursefilter-cost-all\">All<\/label><\/li>\r\n                            <li><input type=\"radio\" name=\"coursefilter-cost\" class=\"coursefilter-cost\" value=\"free\" id=\"coursefilter-cost-free\"  \/><label for=\"coursefilter-cost-free\"\">Free<\/label><\/li>\r\n                            <li><input type=\"radio\" name=\"coursefilter-cost\" class=\"coursefilter-cost\" value=\"paid\" id=\"coursefilter-cost-paid\"  \/><label for=\"coursefilter-cost-paid\">Paid<\/label><\/li><\/ul><\/div><div class=\"dtlms-courses-date-filter\">\r\n\t                    <div class=\"dtlms-title\">Start Date :<\/div>\r\n\t                    <div class=\"dtlms-courses-date-filter-holder\">\r\n\t                    \t<input type=\"text\" name=\"coursefilter-date\" class=\"coursefilter-date dtlms-datepicker\" placeholder=\"Start Date\" value=\"\" readonly \/>\r\n\t                    <\/div>\r\n\t                <\/div><\/div><\/div><div class=\"dtlms-column dtlms-two-third\"><div class=\"dtlms-courses-listing-rightside-filter\"><div class=\"dtlms-courses-display-filter\">\r\n                        <a class=\"dtlms-courses-display-type grid active\" data-displaytype=\"grid\"><span><\/span>Grid<\/a>\r\n                        <a class=\"dtlms-courses-display-type list\" data-displaytype=\"list\"><span><\/span>List<\/a>\r\n                    <\/div><div class=\"dtlms-courses-orderby-filter\">\r\n                        <label>Order by :<\/label>\r\n\t\t\t\t        <select class=\"coursefilter-orderby\" name=\"coursefilter-orderby\" data-placeholder=\"Select Order\">\r\n\t\t\t\t        \t<option value=\"\"  selected='selected'>Select Order<\/option>\r\n\t\t\t\t        \t<option value=\"recent-courses\" >Recent Courses<\/option>\r\n\t\t\t\t            <option value=\"highest-rated\" >Highest Rated<\/option>\r\n\t\t\t\t            <option value=\"most-members\" >Most Members<\/option>\r\n\t\t\t\t            <option value=\"alphabetical\" >Alphabetical<\/option>\r\n\t\t\t\t\t\t<\/select><\/div><\/div><div class=\"dtlms-courses-listing-containers grid  dtlms-apply-isotope\"><div id=\"dtlms-ajax-load-image\"  style=\"display:none;\">\r\n\t\t\t\t\t<div class=\"dtlms-loader-inner\">\r\n\t\t\t\t\t\t<div class=\"dtlms-loading\"><\/div>\r\n\t\t\t\t\t\t<div class=\"dtlms-pad\">\r\n\t\t\t\t\t\t\t<div class=\"dtlms-line dtlms-line1\"><\/div>\r\n\t\t\t\t\t\t\t<div class=\"dtlms-line dtlms-line2\"><\/div>\r\n\t\t\t\t\t\t\t<div class=\"dtlms-line dtlms-line3\"><\/div>\r\n\t\t\t\t\t\t<\/div>\r\n\t\t\t\t\t<\/div>\r\n\t\t\t\t<\/div><\/div><\/div><\/div><div id=\"1545739097756-151561f2-0080\" class=\"dt-sc-empty-space\"><\/div><\/div><\/div><\/div><\/div><div class=\"vc_row-full-width vc_clearfix\"><\/div><!-- Row Backgrounds --><div class=\"upb_bg_img\" data-ultimate-bg=\"url(https:\/\/monchiinclusiva.org\/wp-content\/uploads\/2018\/12\/fw6.png)\" data-image-id=\"id^46|url^https:\/\/monchiinclusiva.org\/wp-content\/uploads\/2018\/12\/fw6.png|caption^null|alt^null|title^fw6|description^null\" data-ultimate-bg-style=\"vcpb-vz-jquery\" data-bg-img-repeat=\"no-repeat\" data-bg-img-size=\"cover\" data-bg-img-position=\"\" data-parallx_sense=\"30\" data-bg-override=\"0\" data-bg_img_attach=\"scroll\" data-upb-overlay-color=\"\" data-upb-bg-animation=\"\" data-fadeout=\"\" data-bg-animation=\"left-animation\" data-bg-animation-type=\"h\" data-animation-repeat=\"repeat\" data-fadeout-percentage=\"30\" data-parallax-content=\"\" data-parallax-content-sense=\"30\" data-row-effect-mobile-disable=\"true\" data-img-parallax-mobile-disable=\"true\" data-rtl=\"false\"  data-custom-vc-row=\"\"  data-vc=\"7.8\"  data-is_old_vc=\"\"  data-theme-support=\"\"   data-overlay=\"false\" data-overlay-color=\"\" data-overlay-pattern=\"\" data-overlay-pattern-opacity=\"\" data-overlay-pattern-size=\"\"    ><\/div>\n<\/div>","protected":false},"excerpt":{"rendered":"Course Categories Instructor Monchi inclusiva Cost All","protected":false},"author":1,"featured_media":0,"parent":0,"menu_order":0,"comment_status":"closed","ping_status":"closed","template":"","meta":{"_joinchat":[],"footnotes":""},"class_list":["post-12019","page","type-page","status-publish","hentry"],"yoast_head":"<!-- This site is optimized with the Yoast SEO plugin v27.5 - https:\/\/yoast.com\/product\/yoast-seo-wordpress\/ -->\n<title>Pronto Cursos Digitales - monchiinclusiva.org<\/title>\n<meta name=\"description\" content=\"Cursos de inserci\u00f3n laboral, formaci\u00f3n y recursos humanos para personas con discapacidad m\u00faltiple, cuidadores e Instituciones Inclusivas\" \/>\n<meta name=\"robots\" content=\"index, follow, max-snippet:-1, max-image-preview:large, max-video-preview:-1\" \/>\n<link rel=\"canonical\" href=\"https:\/\/monchiinclusiva.org\/en\/cursos-formacion\/\" \/>\n<meta property=\"og:locale\" content=\"en_US\" \/>\n<meta property=\"og:type\" content=\"article\" \/>\n<meta property=\"og:title\" content=\"Pronto Cursos Digitales - monchiinclusiva.org\" \/>\n<meta property=\"og:description\" content=\"Cursos de inserci\u00f3n laboral, formaci\u00f3n y recursos humanos para personas con discapacidad m\u00faltiple, cuidadores e Instituciones Inclusivas\" \/>\n<meta property=\"og:url\" content=\"https:\/\/monchiinclusiva.org\/en\/cursos-formacion\/\" \/>\n<meta property=\"og:site_name\" content=\"monchiinclusiva.org\" \/>\n<meta property=\"article:modified_time\" content=\"2024-11-04T16:44:57+00:00\" \/>\n<meta name=\"twitter:card\" content=\"summary_large_image\" \/>\n<meta name=\"twitter:label1\" content=\"Est. reading time\" \/>\n\t<meta name=\"twitter:data1\" content=\"1 minute\" \/>\n<script type=\"application\/ld+json\" class=\"yoast-schema-graph\">{\"@context\":\"https:\\\/\\\/schema.org\",\"@graph\":[{\"@type\":\"WebPage\",\"@id\":\"https:\\\/\\\/monchiinclusiva.org\\\/cursos-formacion\\\/\",\"url\":\"https:\\\/\\\/monchiinclusiva.org\\\/cursos-formacion\\\/\",\"name\":\"Pronto Cursos Digitales - monchiinclusiva.org\",\"isPartOf\":{\"@id\":\"https:\\\/\\\/monchiinclusiva.org\\\/#website\"},\"datePublished\":\"2018-12-21T08:07:48+00:00\",\"dateModified\":\"2024-11-04T16:44:57+00:00\",\"description\":\"Cursos de inserci\u00f3n laboral, formaci\u00f3n y recursos humanos para personas con discapacidad m\u00faltiple, cuidadores e Instituciones Inclusivas\",\"breadcrumb\":{\"@id\":\"https:\\\/\\\/monchiinclusiva.org\\\/cursos-formacion\\\/#breadcrumb\"},\"inLanguage\":\"en-US\",\"potentialAction\":[{\"@type\":\"ReadAction\",\"target\":[\"https:\\\/\\\/monchiinclusiva.org\\\/cursos-formacion\\\/\"]}]},{\"@type\":\"BreadcrumbList\",\"@id\":\"https:\\\/\\\/monchiinclusiva.org\\\/cursos-formacion\\\/#breadcrumb\",\"itemListElement\":[{\"@type\":\"ListItem\",\"position\":1,\"name\":\"Portada\",\"item\":\"https:\\\/\\\/monchiinclusiva.org\\\/\"},{\"@type\":\"ListItem\",\"position\":2,\"name\":\"Pronto Cursos Digitales\"}]},{\"@type\":\"WebSite\",\"@id\":\"https:\\\/\\\/monchiinclusiva.org\\\/#website\",\"url\":\"https:\\\/\\\/monchiinclusiva.org\\\/\",\"name\":\"monchiinclusiva.org\",\"description\":\"\",\"potentialAction\":[{\"@type\":\"SearchAction\",\"target\":{\"@type\":\"EntryPoint\",\"urlTemplate\":\"https:\\\/\\\/monchiinclusiva.org\\\/?s={search_term_string}\"},\"query-input\":{\"@type\":\"PropertyValueSpecification\",\"valueRequired\":true,\"valueName\":\"search_term_string\"}}],\"inLanguage\":\"en-US\"}]}<\/script>\n<!-- \/ Yoast SEO plugin. -->","yoast_head_json":{"title":"Pronto Cursos Digitales - monchiinclusiva.org","description":"Cursos de inserci\u00f3n laboral, formaci\u00f3n y recursos humanos para personas con discapacidad m\u00faltiple, cuidadores e Instituciones Inclusivas","robots":{"index":"index","follow":"follow","max-snippet":"max-snippet:-1","max-image-preview":"max-image-preview:large","max-video-preview":"max-video-preview:-1"},"canonical":"https:\/\/monchiinclusiva.org\/en\/cursos-formacion\/","og_locale":"en_US","og_type":"article","og_title":"Pronto Cursos Digitales - monchiinclusiva.org","og_description":"Cursos de inserci\u00f3n laboral, formaci\u00f3n y recursos humanos para personas con discapacidad m\u00faltiple, cuidadores e Instituciones Inclusivas","og_url":"https:\/\/monchiinclusiva.org\/en\/cursos-formacion\/","og_site_name":"monchiinclusiva.org","article_modified_time":"2024-11-04T16:44:57+00:00","twitter_card":"summary_large_image","twitter_misc":{"Est. reading time":"1 minute"},"schema":{"@context":"https:\/\/schema.org","@graph":[{"@type":"WebPage","@id":"https:\/\/monchiinclusiva.org\/cursos-formacion\/","url":"https:\/\/monchiinclusiva.org\/cursos-formacion\/","name":"Pronto Cursos Digitales - monchiinclusiva.org","isPartOf":{"@id":"https:\/\/monchiinclusiva.org\/#website"},"datePublished":"2018-12-21T08:07:48+00:00","dateModified":"2024-11-04T16:44:57+00:00","description":"Cursos de inserci\u00f3n laboral, formaci\u00f3n y recursos humanos para personas con discapacidad m\u00faltiple, cuidadores e Instituciones Inclusivas","breadcrumb":{"@id":"https:\/\/monchiinclusiva.org\/cursos-formacion\/#breadcrumb"},"inLanguage":"en-US","potentialAction":[{"@type":"ReadAction","target":["https:\/\/monchiinclusiva.org\/cursos-formacion\/"]}]},{"@type":"BreadcrumbList","@id":"https:\/\/monchiinclusiva.org\/cursos-formacion\/#breadcrumb","itemListElement":[{"@type":"ListItem","position":1,"name":"Portada","item":"https:\/\/monchiinclusiva.org\/"},{"@type":"ListItem","position":2,"name":"Pronto Cursos Digitales"}]},{"@type":"WebSite","@id":"https:\/\/monchiinclusiva.org\/#website","url":"https:\/\/monchiinclusiva.org\/","name":"monchiinclusiva.org","description":"","potentialAction":[{"@type":"SearchAction","target":{"@type":"EntryPoint","urlTemplate":"https:\/\/monchiinclusiva.org\/?s={search_term_string}"},"query-input":{"@type":"PropertyValueSpecification","valueRequired":true,"valueName":"search_term_string"}}],"inLanguage":"en-US"}]}},"_links":{"self":[{"href":"https:\/\/monchiinclusiva.org\/en\/wp-json\/wp\/v2\/pages\/12019","targetHints":{"allow":["GET"]}}],"collection":[{"href":"https:\/\/monchiinclusiva.org\/en\/wp-json\/wp\/v2\/pages"}],"about":[{"href":"https:\/\/monchiinclusiva.org\/en\/wp-json\/wp\/v2\/types\/page"}],"author":[{"embeddable":true,"href":"https:\/\/monchiinclusiva.org\/en\/wp-json\/wp\/v2\/users\/1"}],"replies":[{"embeddable":true,"href":"https:\/\/monchiinclusiva.org\/en\/wp-json\/wp\/v2\/comments?post=12019"}],"version-history":[{"count":7,"href":"https:\/\/monchiinclusiva.org\/en\/wp-json\/wp\/v2\/pages\/12019\/revisions"}],"predecessor-version":[{"id":20858,"href":"https:\/\/monchiinclusiva.org\/en\/wp-json\/wp\/v2\/pages\/12019\/revisions\/20858"}],"wp:attachment":[{"href":"https:\/\/monchiinclusiva.org\/en\/wp-json\/wp\/v2\/media?parent=12019"}],"curies":[{"name":"wp","href":"https:\/\/api.w.org\/{rel}","templated":true}]}}