{"id":8,"date":"2018-12-11T06:45:20","date_gmt":"2018-12-11T06:45:20","guid":{"rendered":"https:\/\/elearni.local\/?page_id=8"},"modified":"2024-11-04T17:20:21","modified_gmt":"2024-11-04T17:20:21","slug":"discapacidad-multiple-2","status":"publish","type":"page","link":"https:\/\/monchiinclusiva.org\/en\/","title":{"rendered":"Home"},"content":{"rendered":"<div class=\"wpb-content-wrapper\"><div  style='body: ##ab4895;'  data-delay=\"0\" data-vc-full-width=\"true\" data-vc-full-width-init=\"false\" class=\"vc_row wpb_row vc_row-fluid mouse-hover-animation vc_custom_1725054182361 vc_row-has-fill\"><div class=\"dt-col-sm-6 wpb_animate_when_almost_visible wpb_fadeInLeft fadeInLeft wpb_column vc_column_container vc_col-sm-3\" data-delay=\"500\"><div class=\"vc_column-inner\"><div class=\"wpb_wrapper\"><div class='dt-sc-icon-box type1' data-delay='0' ><div class=\"icon-wrapper\"><span class='fas fa-star'> <\/span><\/div><div class=\"icon-content\"><h5>Sociedad<\/h5><h4>+ Inclusiva<\/h4><p><\/p><\/div><span class='fas fa-star large-icon'> <\/span><\/div><\/div><\/div><\/div><div class=\"dt-col-sm-6 wpb_animate_when_almost_visible wpb_fadeInUp fadeInUp wpb_column vc_column_container vc_col-sm-3\" data-delay=\"600\"><div class=\"vc_column-inner\"><div class=\"wpb_wrapper\"><div class='dt-sc-icon-box type1' data-delay='0' ><div class=\"icon-wrapper\"><span class='far fa-grin-stars'> <\/span><\/div><div class=\"icon-content\"><h5>Igualdad de<\/h5><h4>Oportunidades<\/h4><p><\/p><\/div><span class='far fa-grin-stars large-icon'> <\/span><\/div><\/div><\/div><\/div><div class=\"dt-col-sm-6 wpb_animate_when_almost_visible wpb_fadeInDown fadeInDown wpb_column vc_column_container vc_col-sm-3\" data-delay=\"700\"><div class=\"vc_column-inner\"><div class=\"wpb_wrapper\"><div class='dt-sc-icon-box type1' data-delay='0' ><div class=\"icon-wrapper\"><span class='fas fa-chalkboard-teacher'> <\/span><\/div><div class=\"icon-content\"><h5>Innovaci\u00f3n<\/h5><h4>Pr\u00e1cticas Laborales<\/h4><p><\/p><\/div><span class='fas fa-chalkboard-teacher large-icon'> <\/span><\/div><\/div><\/div><\/div><div class=\"dt-col-sm-6 wpb_animate_when_almost_visible wpb_fadeInRight fadeInRight wpb_column vc_column_container vc_col-sm-3\" data-delay=\"800\"><div class=\"vc_column-inner\"><div class=\"wpb_wrapper\"><div class='dt-sc-icon-box type1' data-delay='0' ><div class=\"icon-wrapper\"><span class='fab fa-gratipay'> <\/span><\/div><div class=\"icon-content\"><h5>Apoyo<\/h5><h4>Servicios de<\/h4><p><\/p><\/div><span class='fab fa-gratipay large-icon'> <\/span><\/div><\/div><\/div><\/div><\/div><div class=\"vc_row-full-width vc_clearfix\"><\/div><div  data-delay=\"0\" class=\"vc_row wpb_row vc_row-fluid\"><div class=\"aligncenter wpb_animate_when_almost_visible wpb_fadeIn fadeIn wpb_column vc_column_container vc_col-sm-12 vc_col-has-fill\" data-delay=\"150\"><div class=\"vc_column-inner vc_custom_1724456634602\" style=\" text-align:center; \"><div class=\"wpb_wrapper\"><div id=\"1544088596806-9f29dce6-c65f\" class=\"dt-sc-empty-space\"><\/div><h2 class=\"default-title  wpb_animate_when_almost_visible wpb_appear appear\" data-delay='150'>Cursos en Monchi Inclusiva<\/h2><p style=\"text-align: center\" class=\"vc_custom_heading title_uppercase wpb_animate_when_almost_visible wpb_appear appear\" >Juntos estamos creando un futuro lleno de oportunidades y amor.<\/p><div id=\"1545642487591-b6d228f5-958a\" class=\"dt-sc-empty-space\"><\/div><div class=\"dtlms-courses-listing-holder grid  one-instructor-carousel\" data-postperpage=\"-1\" data-columns=\"3\" data-showauthordetails=\"true\" data-applyisotope=\"false\" data-enablecategoryisotopefilter=\"false\" data-disablefilters=\"true\" data-defaultfilter=\"\" data-defaultdisplaytype=\"grid\" data-courseitemids=\"\" data-coursecategoryids=\"\" data-instructorids=\"\" data-enablefullwidth=\"\" data-type=\"type8\" data-showdescription=\"\" data-hidelabels=\"true\" data-hidecategory=\"\" data-hideaddtocartbutton=\"true\" data-class=\"one-instructor-carousel\" data-enablecarousel=\"true\" data-carouseleffect=\"\" data-carouselautoplay=\"0\" data-carouselslidesperview=\"3\" data-carouselloopmode=\"true\" data-carouselmousewheelcontrol=\"true\" data-carouselbulletpagination=\"true\" data-carouselarrowpagination=\"false\" data-carouselspacebetween=\"0\"><div class=\"dtlms-courses-swiper-listing\" data-enablecarousel=\"true\" data-carouseleffect=\"\" data-carouselautoplay=\"0\" data-carouselslidesperview=\"3\" data-carouselloopmode=\"true\" data-carouselmousewheelcontrol=\"true\" data-carouselbulletpagination=\"true\" data-carouselarrowpagination=\"false\" data-carouselspacebetween=\"0\"><div class=\"dtlms-courses-listing-containers grid  swiper-wrapper\"><div id=\"dtlms-ajax-load-image\"  style=\"display:none;\">\r\n\t\t\t\t\t<div class=\"dtlms-loader-inner\">\r\n\t\t\t\t\t\t<div class=\"dtlms-loading\"><\/div>\r\n\t\t\t\t\t\t<div class=\"dtlms-pad\">\r\n\t\t\t\t\t\t\t<div class=\"dtlms-line dtlms-line1\"><\/div>\r\n\t\t\t\t\t\t\t<div class=\"dtlms-line dtlms-line2\"><\/div>\r\n\t\t\t\t\t\t\t<div class=\"dtlms-line dtlms-line3\"><\/div>\r\n\t\t\t\t\t\t<\/div>\r\n\t\t\t\t\t<\/div>\r\n\t\t\t\t<\/div><\/div><div class=\"dtlms-swiper-pagination-holder\"><div class=\"dtlms-swiper-bullet-pagination\"><\/div><\/div><\/div><\/div><div id=\"1544083716476-e2bbf93b-a156\" class=\"dt-sc-empty-space\"><\/div><\/div><\/div><\/div><\/div><div  style='background-position:center center !important;'  data-delay=\"0\" data-vc-full-width=\"true\" data-vc-full-width-init=\"false\" class=\"vc_row wpb_row vc_row-fluid\"><div class=\"dt-col-sm-12 wpb_column vc_column_container vc_col-sm-6\" data-delay=\"0\"><div class=\"vc_column-inner\"><div class=\"wpb_wrapper\"><div id=\"1544090059205-560f8e32-f68b\" class=\"dt-sc-empty-space\"><\/div><\/div><\/div><\/div><div class=\"space-left dt-col-sm-12 wpb_animate_when_almost_visible wpb_fadeInRight fadeInRight wpb_column vc_column_container vc_col-sm-6\" data-delay=\"0\"><div class=\"vc_column-inner\"><div class=\"wpb_wrapper\"><div id=\"1544093163881-2bade93e-088c\" class=\"dt-sc-empty-space\"><\/div><div class=\"vc_row wpb_row vc_inner vc_row-fluid\"><div class=\"dt-col-sm-12 wpb_column vc_column_container vc_col-sm-10\"><div class=\"vc_column-inner\"><div class=\"wpb_wrapper\"><h2 class=\"default-heading  wpb_animate_when_almost_visible wpb_fadeInLeft fadeInLeft\" data-delay='500'>Beneficios dentro de Monchi Inclusiva<\/h2><\/div><\/div><\/div><div class=\"dt-col-sm-12 wpb_column vc_column_container vc_col-sm-2\"><div class=\"vc_column-inner\"><div class=\"wpb_wrapper\"><\/div><\/div><\/div><\/div><div id=\"1544093120228-f3b0e61c-ea60\" class=\"dt-sc-empty-space\"><\/div><div class='dt-sc-toggle-frame-set   wpb_animate_when_almost_visible wpb_fadeInUp fadeInUp gradient-accordion' data-delay='800'><div class=\"dt-sc-toggle-frame\">\t<h5 class='dt-sc-toggle-accordion'><a href='#'>Calidad de Vida Mejorada<\/a><\/h5>\t<div class=\"dt-sc-toggle-content\" style=\"display: none;\">\t\t<div class=\"block\"><div class=\"wpb_text_column wpb_content_element  vc_custom_1722965831513\" >\r\n\t\t<div class=\"wpb_wrapper\">\r\n\t\t\t<p><span class=\"OYPEnA font-feature-liga-off font-feature-clig-off font-feature-calt-off text-decoration-none text-strikethrough-none\">Mejora de la calidad de vida<\/span><span class=\"OYPEnA font-feature-liga-off font-feature-clig-off font-feature-calt-off text-decoration-none text-strikethrough-none\"> de las personas con discapacidad m\u00faltiple a trav\u00e9s de un enfoque integral y personalizado.<\/span><\/p>\n\r\n\t\t<\/div>\r\n\t<\/div>\t\t<\/div>\t<\/div><\/div><div class=\"dt-sc-toggle-frame\">\t<h5 class='dt-sc-toggle-accordion'><a href='#'>Alivio para Cuidadores<\/a><\/h5>\t<div class=\"dt-sc-toggle-content\" style=\"display: none;\">\t\t<div class=\"block\"><div class=\"wpb_text_column wpb_content_element  vc_custom_1722965810896\" >\r\n\t\t<div class=\"wpb_wrapper\">\r\n\t\t\t<p><span class=\"OYPEnA font-feature-liga-off font-feature-clig-off font-feature-calt-off text-decoration-none text-strikethrough-none\">Reducci\u00f3n del estr\u00e9s y la sobrecarga<\/span><span class=\"OYPEnA font-feature-liga-off font-feature-clig-off font-feature-calt-off text-decoration-none text-strikethrough-none\"> en los cuidadores y familias, al contar con un apoyo profesional y especializado<\/span><\/p>\n\r\n\t\t<\/div>\r\n\t<\/div>\t\t<\/div>\t<\/div><\/div><div class=\"dt-sc-toggle-frame\">\t<h5 class='dt-sc-toggle-accordion'><a href='#'>Rompiendo Barreras<\/a><\/h5>\t<div class=\"dt-sc-toggle-content\" style=\"display: none;\">\t\t<div class=\"block\"><div class=\"wpb_text_column wpb_content_element  vc_custom_1722965784913\" >\r\n\t\t<div class=\"wpb_wrapper\">\r\n\t\t\t<p><span class=\"OYPEnA font-feature-liga-off font-feature-clig-off font-feature-calt-off text-decoration-none text-strikethrough-none\">Promoci\u00f3n de la inclusi\u00f3n y participaci\u00f3n<\/span><span class=\"OYPEnA font-feature-liga-off font-feature-clig-off font-feature-calt-off text-decoration-none text-strikethrough-none\"> activa en la comunidad, rompiendo con el aislamiento y la exclusi\u00f3n social.<\/span><\/p>\n\r\n\t\t<\/div>\r\n\t<\/div>\t\t<\/div>\t<\/div><\/div><\/div><div id=\"1544093208116-42ca53d7-a9f2\" class=\"dt-sc-empty-space\"><\/div><\/div><\/div><\/div><\/div><div class=\"vc_row-full-width vc_clearfix\"><\/div><!-- Row Backgrounds --><div class=\"upb_bg_img\" data-ultimate-bg=\"url(https:\/\/monchiinclusiva.org\/wp-content\/uploads\/2024\/08\/bg-nefe.jpg)\" data-image-id=\"id^20299|url^https:\/\/monchiinclusiva.org\/wp-content\/uploads\/2024\/08\/bg-nefe.jpg|caption^null|alt^null|title^bg-nefe|description^null\" data-ultimate-bg-style=\"vcpb-default\" data-bg-img-repeat=\"no-repeat\" data-bg-img-size=\"cover\" data-bg-img-position=\"\" data-parallx_sense=\"30\" data-bg-override=\"0\" data-bg_img_attach=\"scroll\" data-upb-overlay-color=\"\" data-upb-bg-animation=\"\" data-fadeout=\"\" data-bg-animation=\"left-animation\" data-bg-animation-type=\"h\" data-animation-repeat=\"repeat\" data-fadeout-percentage=\"30\" data-parallax-content=\"\" data-parallax-content-sense=\"30\" data-row-effect-mobile-disable=\"true\" data-img-parallax-mobile-disable=\"true\" data-rtl=\"false\"  data-custom-vc-row=\"\"  data-vc=\"7.8\"  data-is_old_vc=\"\"  data-theme-support=\"\"   data-overlay=\"false\" data-overlay-color=\"\" data-overlay-pattern=\"\" data-overlay-pattern-opacity=\"\" data-overlay-pattern-size=\"\"    ><\/div><div  data-delay=\"0\" data-vc-full-width=\"true\" data-vc-full-width-init=\"false\" data-vc-stretch-content=\"true\" class=\"vc_row wpb_row vc_row-fluid aligncenter dt-sc-dark-bg vc_row-no-padding vc_row-o-equal-height vc_row-o-content-middle vc_row-flex\"><div class=\"dt-skin-secondary-bg dt-col-md-12 dt-col-sm-12 wpb_column vc_column_container vc_col-sm-6\" data-delay=\"0\"><div class=\"vc_column-inner vc_custom_1546934135103\"><div class=\"wpb_wrapper\"><div class=\"vc_row wpb_row vc_inner vc_row-fluid\"><div class=\"dt-col-md-12 dt-col-sm-12 wpb_column vc_column_container vc_col-sm-4\"><div class=\"vc_column-inner\"><div class=\"wpb_wrapper\"><\/div><\/div><\/div><div class=\"dt-col-md-12 dt-col-sm-12 wpb_column vc_column_container vc_col-sm-8\"><div class=\"vc_column-inner\"><div class=\"wpb_wrapper\"><p style=\"font-size: 20px;text-align: center\" class=\"vc_custom_heading bold-font\" >Conozca m\u00e1s sobre Nosotros<\/p><a href='https:\/\/monchiinclusiva.org\/en\/about\/' target='_self' title='\u00bfQui\u00e9nes Somos?' class='dt-sc-button   small     simple-link' data-delay='0' > \u00bfQui\u00e9nes Somos? <\/a><\/div><\/div><\/div><\/div><\/div><\/div><\/div><div class=\"dt-skin-primary-bg dt-col-md-12 dt-col-sm-12 wpb_column vc_column_container vc_col-sm-6\" data-delay=\"0\"><div class=\"vc_column-inner vc_custom_1546934150099\"><div class=\"wpb_wrapper\"><div class=\"vc_row wpb_row vc_inner vc_row-fluid\"><div class=\"dt-col-md-12 dt-col-sm-12 wpb_column vc_column_container vc_col-sm-8\"><div class=\"vc_column-inner\"><div class=\"wpb_wrapper\"><p style=\"font-size: 20px;text-align: center\" class=\"vc_custom_heading bold-font\" >Echa un vistazo a Nuestros Cursos<\/p><a href='https:\/\/monchiinclusiva.org\/en\/cursos\/' target='_self' title='Cursos' class='dt-sc-button   small     simple-link' data-delay='0' > Ver Cursos <\/a><\/div><\/div><\/div><div class=\"dt-col-md-12 dt-col-sm-12 wpb_column vc_column_container vc_col-sm-4\"><div class=\"vc_column-inner\"><div class=\"wpb_wrapper\"><\/div><\/div><\/div><\/div><\/div><\/div><\/div><\/div><div class=\"vc_row-full-width vc_clearfix\"><\/div><div  data-delay=\"0\" data-vc-full-width=\"true\" data-vc-full-width-init=\"false\" class=\"vc_row wpb_row vc_row-fluid vc_custom_1722980022902 vc_row-has-fill\"><div class=\"aligncenter wpb_animate_when_almost_visible wpb_fadeInUp fadeInUp wpb_column vc_column_container vc_col-sm-12\" data-delay=\"0\"><div class=\"vc_column-inner\"><div class=\"wpb_wrapper\"><div id=\"1544504430139-4b3cb3e1-bb9c\" class=\"dt-sc-empty-space\"><\/div><h2 class=\"default-title bigger-font  wpb_animate_when_almost_visible wpb_appear appear\" data-delay='150'>Cada d\u00eda es una oportunidad<\/h2><h2 class=\"default-title bigger-font  wpb_animate_when_almost_visible wpb_appear appear\" data-delay='150'>Para crecer Juntos<\/h2><div id=\"1722980753138-9814ab6a-1160\" class=\"dt-sc-empty-space\"><\/div><p style=\"text-align: center\" class=\"vc_custom_heading title_uppercase wpb_animate_when_almost_visible wpb_appear appear\" >\u00a1Celebremos cada logro, grande o peque\u00f1o!<\/p><div id=\"1544504465971-e1117c58-febd\" class=\"dt-sc-empty-space\"><\/div><a href='https:\/\/monchiinclusiva.org\/en\/portfolio\/galeria\/' target='_self' title='Galer\u00eda' class='dt-sc-button   medium     wpb_animate_when_almost_visible wpb_bounceInUp bounceInUp gradient-button md-size' data-delay='150' > Ver Galer\u00eda <\/a><div id=\"1544504511210-53830127-b479\" class=\"dt-sc-empty-space\"><\/div><\/div><\/div><\/div><\/div><div class=\"vc_row-full-width vc_clearfix\"><\/div><!-- Row Backgrounds --><div class=\"upb_bg_img\" data-ultimate-bg=\"url(https:\/\/monchiinclusiva.org\/wp-content\/uploads\/2024\/08\/bg-f.jpg)\" data-image-id=\"id^20330|url^https:\/\/monchiinclusiva.org\/wp-content\/uploads\/2024\/08\/bg-f.jpg|caption^null|alt^null|title^bg-f|description^null\" data-ultimate-bg-style=\"vcpb-vz-jquery\" data-bg-img-repeat=\"no-repeat\" data-bg-img-size=\"cover\" data-bg-img-position=\"\" data-parallx_sense=\"30\" data-bg-override=\"0\" data-bg_img_attach=\"scroll\" data-upb-overlay-color=\"\" data-upb-bg-animation=\"\" data-fadeout=\"\" data-bg-animation=\"left-animation\" data-bg-animation-type=\"h\" data-animation-repeat=\"repeat\" data-fadeout-percentage=\"30\" data-parallax-content=\"\" data-parallax-content-sense=\"30\" data-row-effect-mobile-disable=\"true\" data-img-parallax-mobile-disable=\"true\" data-rtl=\"false\"  data-custom-vc-row=\"\"  data-vc=\"7.8\"  data-is_old_vc=\"\"  data-theme-support=\"\"   data-overlay=\"false\" data-overlay-color=\"\" data-overlay-pattern=\"\" data-overlay-pattern-opacity=\"\" data-overlay-pattern-size=\"\"    ><\/div><div  data-delay=\"0\" class=\"vc_row wpb_row vc_row-fluid\"><div class=\"wpb_column vc_column_container vc_col-sm-12\" data-delay=\"0\"><div class=\"vc_column-inner\"><div class=\"wpb_wrapper\"><\/div><\/div><\/div><\/div><div  data-delay=\"0\" class=\"vc_row wpb_row vc_row-fluid\"><div class=\"wpb_column vc_column_container vc_col-sm-12\" data-delay=\"0\"><div class=\"vc_column-inner\"><div class=\"wpb_wrapper\">\r\n\t<div class=\"wpb_text_column wpb_content_element\" >\r\n\t\t<div class=\"wpb_wrapper\">\r\n\t\t\t<div class=\"brz-root__container\"><\/div>\n\r\n\t\t<\/div>\r\n\t<\/div>\r\n<\/div><\/div><\/div><\/div>\n<\/div>","protected":false},"excerpt":{"rendered":"Sociedad+ Inclusiva Igualdad deOportunidades Innovaci\u00f3nPr\u00e1cticas Laborales ApoyoServicios de Cursos en Monchi InclusivaJuntos estamos creando un futuro lleno de oportunidades y amor. Beneficios dentro de Monchi Inclusiva Calidad de Vida Mejorada Mejora de la calidad de vida de las personas con discapacidad m\u00faltiple a trav\u00e9s de un enfoque integral y personalizado. Alivio para Cuidadores Reducci\u00f3n del [...]","protected":false},"author":1,"featured_media":0,"parent":0,"menu_order":0,"comment_status":"closed","ping_status":"closed","template":"","meta":{"_joinchat":[],"footnotes":""},"class_list":["post-8","page","type-page","status-publish","hentry"],"yoast_head":"<!-- This site is optimized with the Yoast SEO plugin v27.5 - https:\/\/yoast.com\/product\/yoast-seo-wordpress\/ -->\n<title>Home - monchiinclusiva.org<\/title>\n<meta name=\"description\" content=\"Inclusi\u00f3n Laboral- Empoderamos a Personas Adultas con Discapacidad M\u00faltiple, Brindamos Herramientas a sus Cuidadores e Instituciones Laborales\" \/>\n<meta name=\"robots\" content=\"index, follow, max-snippet:-1, max-image-preview:large, max-video-preview:-1\" \/>\n<link rel=\"canonical\" href=\"https:\/\/monchiinclusiva.org\/en\/\" \/>\n<meta property=\"og:locale\" content=\"en_US\" \/>\n<meta property=\"og:type\" content=\"article\" \/>\n<meta property=\"og:title\" content=\"Home - monchiinclusiva.org\" \/>\n<meta property=\"og:description\" content=\"Inclusi\u00f3n Laboral- Empoderamos a Personas Adultas con Discapacidad M\u00faltiple, Brindamos Herramientas a sus Cuidadores e Instituciones Laborales\" \/>\n<meta property=\"og:url\" content=\"https:\/\/monchiinclusiva.org\/en\/\" \/>\n<meta property=\"og:site_name\" content=\"monchiinclusiva.org\" \/>\n<meta property=\"article:modified_time\" content=\"2024-11-04T17:20:21+00:00\" \/>\n<meta name=\"twitter:card\" content=\"summary_large_image\" \/>\n<meta name=\"twitter:label1\" content=\"Est. reading time\" \/>\n\t<meta name=\"twitter:data1\" content=\"2 minutes\" \/>\n<script type=\"application\/ld+json\" class=\"yoast-schema-graph\">{\"@context\":\"https:\\\/\\\/schema.org\",\"@graph\":[{\"@type\":\"WebPage\",\"@id\":\"https:\\\/\\\/monchiinclusiva.org\\\/\",\"url\":\"https:\\\/\\\/monchiinclusiva.org\\\/\",\"name\":\"Home - monchiinclusiva.org\",\"isPartOf\":{\"@id\":\"https:\\\/\\\/monchiinclusiva.org\\\/#website\"},\"datePublished\":\"2018-12-11T06:45:20+00:00\",\"dateModified\":\"2024-11-04T17:20:21+00:00\",\"description\":\"Inclusi\u00f3n Laboral- Empoderamos a Personas Adultas con Discapacidad M\u00faltiple, Brindamos Herramientas a sus Cuidadores e Instituciones Laborales\",\"breadcrumb\":{\"@id\":\"https:\\\/\\\/monchiinclusiva.org\\\/#breadcrumb\"},\"inLanguage\":\"en-US\",\"potentialAction\":[{\"@type\":\"ReadAction\",\"target\":[\"https:\\\/\\\/monchiinclusiva.org\\\/\"]}]},{\"@type\":\"BreadcrumbList\",\"@id\":\"https:\\\/\\\/monchiinclusiva.org\\\/#breadcrumb\",\"itemListElement\":[{\"@type\":\"ListItem\",\"position\":1,\"name\":\"Portada\",\"item\":\"https:\\\/\\\/monchiinclusiva.org\\\/\"},{\"@type\":\"ListItem\",\"position\":2,\"name\":\"Home\"}]},{\"@type\":\"WebSite\",\"@id\":\"https:\\\/\\\/monchiinclusiva.org\\\/#website\",\"url\":\"https:\\\/\\\/monchiinclusiva.org\\\/\",\"name\":\"monchiinclusiva.org\",\"description\":\"\",\"potentialAction\":[{\"@type\":\"SearchAction\",\"target\":{\"@type\":\"EntryPoint\",\"urlTemplate\":\"https:\\\/\\\/monchiinclusiva.org\\\/?s={search_term_string}\"},\"query-input\":{\"@type\":\"PropertyValueSpecification\",\"valueRequired\":true,\"valueName\":\"search_term_string\"}}],\"inLanguage\":\"en-US\"}]}<\/script>\n<!-- \/ Yoast SEO plugin. -->","yoast_head_json":{"title":"Home - monchiinclusiva.org","description":"Inclusi\u00f3n Laboral- Empoderamos a Personas Adultas con Discapacidad M\u00faltiple, Brindamos Herramientas a sus Cuidadores e Instituciones Laborales","robots":{"index":"index","follow":"follow","max-snippet":"max-snippet:-1","max-image-preview":"max-image-preview:large","max-video-preview":"max-video-preview:-1"},"canonical":"https:\/\/monchiinclusiva.org\/en\/","og_locale":"en_US","og_type":"article","og_title":"Home - monchiinclusiva.org","og_description":"Inclusi\u00f3n Laboral- Empoderamos a Personas Adultas con Discapacidad M\u00faltiple, Brindamos Herramientas a sus Cuidadores e Instituciones Laborales","og_url":"https:\/\/monchiinclusiva.org\/en\/","og_site_name":"monchiinclusiva.org","article_modified_time":"2024-11-04T17:20:21+00:00","twitter_card":"summary_large_image","twitter_misc":{"Est. reading time":"2 minutes"},"schema":{"@context":"https:\/\/schema.org","@graph":[{"@type":"WebPage","@id":"https:\/\/monchiinclusiva.org\/","url":"https:\/\/monchiinclusiva.org\/","name":"Home - monchiinclusiva.org","isPartOf":{"@id":"https:\/\/monchiinclusiva.org\/#website"},"datePublished":"2018-12-11T06:45:20+00:00","dateModified":"2024-11-04T17:20:21+00:00","description":"Inclusi\u00f3n Laboral- Empoderamos a Personas Adultas con Discapacidad M\u00faltiple, Brindamos Herramientas a sus Cuidadores e Instituciones Laborales","breadcrumb":{"@id":"https:\/\/monchiinclusiva.org\/#breadcrumb"},"inLanguage":"en-US","potentialAction":[{"@type":"ReadAction","target":["https:\/\/monchiinclusiva.org\/"]}]},{"@type":"BreadcrumbList","@id":"https:\/\/monchiinclusiva.org\/#breadcrumb","itemListElement":[{"@type":"ListItem","position":1,"name":"Portada","item":"https:\/\/monchiinclusiva.org\/"},{"@type":"ListItem","position":2,"name":"Home"}]},{"@type":"WebSite","@id":"https:\/\/monchiinclusiva.org\/#website","url":"https:\/\/monchiinclusiva.org\/","name":"monchiinclusiva.org","description":"","potentialAction":[{"@type":"SearchAction","target":{"@type":"EntryPoint","urlTemplate":"https:\/\/monchiinclusiva.org\/?s={search_term_string}"},"query-input":{"@type":"PropertyValueSpecification","valueRequired":true,"valueName":"search_term_string"}}],"inLanguage":"en-US"}]}},"_links":{"self":[{"href":"https:\/\/monchiinclusiva.org\/en\/wp-json\/wp\/v2\/pages\/8","targetHints":{"allow":["GET"]}}],"collection":[{"href":"https:\/\/monchiinclusiva.org\/en\/wp-json\/wp\/v2\/pages"}],"about":[{"href":"https:\/\/monchiinclusiva.org\/en\/wp-json\/wp\/v2\/types\/page"}],"author":[{"embeddable":true,"href":"https:\/\/monchiinclusiva.org\/en\/wp-json\/wp\/v2\/users\/1"}],"replies":[{"embeddable":true,"href":"https:\/\/monchiinclusiva.org\/en\/wp-json\/wp\/v2\/comments?post=8"}],"version-history":[{"count":30,"href":"https:\/\/monchiinclusiva.org\/en\/wp-json\/wp\/v2\/pages\/8\/revisions"}],"predecessor-version":[{"id":20868,"href":"https:\/\/monchiinclusiva.org\/en\/wp-json\/wp\/v2\/pages\/8\/revisions\/20868"}],"wp:attachment":[{"href":"https:\/\/monchiinclusiva.org\/en\/wp-json\/wp\/v2\/media?parent=8"}],"curies":[{"name":"wp","href":"https:\/\/api.w.org\/{rel}","templated":true}]}}